{"id":23,"date":"2015-08-25T20:26:13","date_gmt":"2015-08-25T17:26:13","guid":{"rendered":"http:\/\/mikoovoda.ro\/?page_id=23"},"modified":"2015-09-25T22:21:24","modified_gmt":"2015-09-25T19:21:24","slug":"felszereltseg","status":"publish","type":"page","link":"https:\/\/mikoovoda.ro\/index.php\/hu\/rolunk-2\/felszereltseg\/","title":{"rendered":"T\u00e1rgyi felt\u00e9telek"},"content":{"rendered":"<p>\u00d3vod\u00e1nk rendelkezik a nevel\u00e9si program megval\u00f3s\u00edt\u00e1s\u00e1hoz sz\u00fcks\u00e9ges t\u00e1rgyi felt\u00e9telekkel.<\/p>\n<p>A t\u00e1rgyi felszerel\u00e9seket, amelyeket a gyermekek haszn\u00e1lnak, sz\u00e1mukra hozz\u00e1f\u00e9rhet\u0151 m\u00f3don \u00e9s a gyermekek biztons\u00e1gos j\u00e1t\u00e9k\u00e1ra val\u00f3 k\u00fcl\u00f6n\u00f6s tekintettel helyezt\u00fck el, haszn\u00e1ljuk.\u00a0Igyeksz\u00fcnk az \u00f3voda helyis\u00e9geit \u00fagy kialak\u00edtani, hogy az a lehet\u0151 legotthonosabb \u00e9rz\u00e9st keltse a gyerekekben.<\/p>\n<p>Olvasson tov\u00e1bb \u00e9s ismerkedjen meg t\u00f6bbek k\u00f6z\u00f6tt az \u00e9p\u00fclet legf\u0151bb jegyeivel, eszk\u00f6zt\u00e1r\u00e1val, a k\u00f6rnyezettudatos \u00e9letm\u00f3d kialak\u00edt\u00e1s\u00e1t \u00e9s az eg\u00e9szs\u00e9gmeg\u0151rz\u00e9st c\u00e9lz\u00f3 eszk\u00f6z\u00f6kkel.<\/p>\n<p><strong>Az \u00f3voda \u00e9p\u00fclet\u00e9nek legf\u0151bb jegyei:<\/strong><\/p>\n<p>Az \u00f3voda \u00e9p\u00fclete Kolozsv\u00e1r k\u00f6zpontj\u00e1t\u00f3l gyalogosan 3 percnyire helyezkedik el. Az \u00f3voda f\u00e9lreesik a v\u00e1rosi ny\u00fczsg\u00e9s forgatag\u00e1t\u00f3l, csendes szigetet biztos\u00edtva a gyermekeknek, nagy udvar\u00e1val \u00e9s hangulatos \u00e9p\u00fclet\u00e9vel. \u00a0Az \u00e9p\u00fcleten bel\u00fcl megfelel\u0151 m\u00e9ret\u0171 csoportszoba \u00e9s kiszolg\u00e1l\u00f3 helyis\u00e9gek biztos\u00edtj\u00e1k a gyermekek k\u00e9nyelm\u00e9t \u00e9s biztons\u00e1g\u00e1t.<\/p>\n<p>A gyermekek \u00e1ltal haszn\u00e1lt mosd\u00f3helyis\u00e9gekben 3 mosd\u00f3, 2-2\u00a0 WC, egy-egy zuhanyz\u00f3 van elhelyezve. Ez megfelel\u0151 a tiszt\u00e1lkod\u00e1si gondoz\u00e1si feladatok ell\u00e1t\u00e1s\u00e1hoz. Az \u00e9p\u00fcletben tov\u00e1bb\u00e1 h\u00e1rom csoportszoba, egy \u00e9tkez\u0151, egy pszichol\u00f3gus-logop\u00e9dusi kabinet, egy eg\u00e9szs\u00e9g\u00fcgyi szoba, egy h\u00e1l\u00f3szoba tal\u00e1lhat\u00f3.<\/p>\n<p>Az \u00f3voda 700 m2\u00a0 z\u00f6ld udvarral rendelkezik.\u00a0 Az udvar biztons\u00e1gos fa j\u00e1t\u00e9keszk\u00f6z\u00f6kkel van felszerelve melyek seg\u00edts\u00e9g\u00e9vel biztos\u00edtott a mindennapos testnevel\u00e9s, leveg\u0151z\u00e9s, mozg\u00e1sos j\u00e1t\u00e9kok,\u00a0 a szabadban zajl\u00f3 valamennyi felfedeztet\u00e9s megszervez\u00e9s\u00e9hez \u00e9s lebonyol\u00edt\u00e1s\u00e1hoz valamennyi felt\u00e9tel.<\/p>\n<p>A berendez\u00e9sek nagys\u00e1ga megfelel a gyermekek testm\u00e9reteinek. Az \u00e1llagmeg\u0151rz\u00e9s \u00e9rdek\u00e9ben az \u00e9p\u00fcletet \u00e9s a b\u00fatorzatot folyamatosan \u00faj\u00edtjuk.<\/p>\n<p>Az \u00f3voda megfelel\u0151 munkak\u00f6rnyezetet biztos\u00edt az \u00f3vodai munkat\u00e1rsaknak, \u00e9s lehet\u0151s\u00e9get teremt a sz\u00fcl\u0151k fogad\u00e1s\u00e1ra is.<\/p>\n<p><strong>A j\u00e1t\u00e9ktev\u00e9kenys\u00e9g \u00e9s az \u00f3vodai tanul\u00e1s eszk\u00f6zei<\/strong><\/p>\n<p>Az \u00f3voda t\u00e1rgyi felt\u00e9telei kiv\u00e1l\u00f3ak. Ez k\u00f6sz\u00f6nhet\u0151 az \u00f3vodapedag\u00f3gusok\u00a0 igyekezet\u00e9nek, valamint\u00a0 a lelkes sz\u00fcl\u0151k \u00f6nzetlen seg\u00edts\u00e9g\u00e9nek, akik \u00f6nk\u00e9nt seg\u00edtenek a k\u00f6rnyezet sz\u00e9p\u00edt\u00e9s\u00e9ben a szakmai felt\u00e9telek gazdag\u00edt\u00e1s\u00e1ban, b\u0151v\u00edt\u00e9s\u00e9ben. A csoportok j\u00e1t\u00e9k k\u00e9szlet\u00e9t folyamatosan b\u0151v\u00edtj\u00fck, jav\u00edtjuk, igazodva a gyermekek ig\u00e9nyeihez. A klasszikus j\u00e1t\u00e9kokon k\u00edv\u00fcl fontosnak tartjuk a k\u00e9szs\u00e9g-k\u00e9pess\u00e9gfejleszt\u0151 j\u00e1t\u00e9kok megl\u00e9t\u00e9t is.<\/p>\n<p><strong>Mese \u00e9s szakk\u00f6nyv ell\u00e1totts\u00e1g<\/strong><\/p>\n<p>Mese \u00e9s szakk\u00f6nyvell\u00e1totts\u00e1gunk gazdag \u00e9s folyamatosan b\u0151v\u00fcl.\u00a0A vegyes \u00e9letkor\u00fa csoport miatt t\u00f6bbf\u00e9le, az \u00e9letkoroknak megfelel\u0151 mese \u00e9s ismeretterjeszt\u0151 k\u00f6nyvet v\u00e1s\u00e1rolunk.\u00a0Az \u00f3voda szakk\u00f6nyvein k\u00edv\u00fcl az \u00f3vodapedag\u00f3gusok saj\u00e1t szakk\u00f6nyveit is haszn\u00e1ljuk.<\/p>\n<p><strong>K\u00d6RNYEZETTUDATOSS\u00c1GRA NEVEL\u00c9S<\/strong><\/p>\n<p>\u00dagy gondoljuk, hogy nem elegend\u0151 csup\u00e1n tan\u00edtani a\u00a0k\u00f6rnyezettudatos \u00e9letm\u00f3dot, hanem j\u00f3 p\u00e9ld\u00e1t kell mutatni! Oly form\u00e1n \u00e9p\u00edtj\u00fck be ezt a mindennapi tev\u00e9kenys\u00e9gekbe, hogy az olyan\u00a0term\u00e9szetes legyen, ak\u00e1rcsak az ev\u00e9s el\u0151tti k\u00e9zmos\u00e1s.<\/p>\n<p><strong>Szelekt\u00edv hullad\u00e9kgy\u0171jt\u00e9s:\u00a0<\/strong><\/p>\n<p>A szabv\u00e1nynak megfelel\u0151 szemetesekbe gy\u0171jtj\u00fck a hullad\u00e9kot, a gyerekek seg\u00e9dkeznek ennek helyes haszn\u00e1lat\u00e1ban az \u00f3v\u00f3n\u0151k \u00e9s dad\u00e1k \u00fatmutat\u00e1s\u00e1val.<\/p>\n<p><strong>Komposzt\u00e1l\u00e1s:<\/strong><\/p>\n<p>A szerves hullad\u00e9kot a kertben erre a c\u00e9lra kialak\u00edtott komposzt\u00e1l\u00f3ban gy\u0171jtj\u00fck a gyerekek seg\u00edts\u00e9g\u00e9vel. Az \u00edgy keletkezett t\u00e1panyagban gazdag talajjal d\u00fas\u00edtjuk tavasszal az \u00f3voda vetem\u00e9nyes\u00e9t \u00e9s a vir\u00e1goskertet.<\/p>\n<p><strong>\u00dajrahasznos\u00edt\u00e1s:<\/strong><\/p>\n<p>\u00d3vod\u00e1nkban m\u00e1r az el\u0151k\u00e9sz\u00fcletek sor\u00e1n igyekezt\u00fcnk menteni \u00e9s \u00fajragondolni a h\u00e1zban kidob\u00e1sra sz\u00e1nt b\u00fatorokat, t\u00e1rgyakat. Ezek mint\u00e1ul szolg\u00e1lhatnak gyereknek, feln\u0151ttnek egyar\u00e1nt a mindennapi haszn\u00e1latuk sor\u00e1n. Ezen k\u00edv\u00fcl k\u00e9zm\u0171ves tev\u00e9kenys\u00e9geinkben is gyakorta alkotunk \u00fajrahasznos\u00edthat\u00f3 t\u00e1rgyakb\u00f3l.<\/p>\n<p><strong>EG\u00c9SZS\u00c9GMEG\u0150RZ\u00c9S<\/strong><\/p>\n<p>A higi\u00e9ni\u00e1ra term\u00e9szetesen nagy hangs\u00falyt fektet\u00fcnk \u00e9s a gyerekek eg\u00e9szs\u00e9gi \u00e1llapot\u00e1t is napi szinten ellen\u0151rzi az \u00f3voda asszisztensn\u0151je, \u00e1m \u00fagy gondoljuk, hogy enn\u00e9l t\u00f6bbet is tehet\u00fcnk a betegs\u00e9gmegel\u0151z\u00e9s \u00e9rdek\u00e9ben.<\/p>\n<p><strong>S\u00f3szoba<\/strong><\/p>\n<p>A s\u00f3s leveg\u0151 pozit\u00edv hat\u00e1sa bizony\u00edtott a l\u00e9guti megbeteged\u00e9sek megel\u0151z\u00e9s\u00e9ben. Viszont a t\u00e9li id\u0151szakban, amikor erre a legnagyobb sz\u00fcks\u00e9g van, k\u00f6r\u00fclm\u00e9nyes a gyerekek sz\u00e1ll\u00edt\u00e1s\u00e1nak megold\u00e1sa a s\u00f3szob\u00e1ig, r\u00e1ad\u00e1sul ez egy plusz k\u00f6lts\u00e9g a sz\u00fcl\u0151k sz\u00e1m\u00e1ra. \u00d3vod\u00e1nk alaksor\u00e1ban berendezett s\u00f3szob\u00e1t mind az \u00f3vod\u00e1sok, mind a kisiskol\u00e1s napk\u00f6zi di\u00e1kjai ig\u00e9nybe vehetik!<\/p>\n<p><strong>Antilallerg\u00e9n sz\u0151nyegek \u00e9s f\u00fcgg\u00f6ny\u00f6k<\/strong><\/p>\n<p>A <a href=\"http:\/\/naturfloor.ro\/\">naturfloor<\/a> j\u00f3volt\u00e1b\u00f3l term\u00e9szetes anyagb\u00f3l k\u00e9sz\u00fclt (tengerif\u0171, <a href=\"http:\/\/www.naturflor.hu\/szonyegkalauz\/10-erv-a-szizal-szonyeg-mellett\/\">sziz\u00e1l<\/a>, <a href=\"http:\/\/www.naturflor.hu\/szonyegkalauz\/10-erv-a-kokusz-szonyeg-mellett\/\">k\u00f3kuszrost<\/a>) antibakteri\u00e1lis ugyanakkor antiallerg\u00e9n sz\u0151nyegeken j\u00e1tszhatnak a gyerekek a csoportszob\u00e1ban.<\/p>\n<p>Ugyanakkor f\u00fcgg\u0151nyeink kenderb\u0151l k\u00e9sz\u00fcltek, melyeket term\u00e9szetes sz\u00ednez\u0151anyagokkal tettek vid\u00e1mabb\u00e1.<\/p>\n<p>&nbsp;<\/p>\n","protected":false},"excerpt":{"rendered":"<p>\u00d3vod\u00e1nk rendelkezik a nevel\u00e9si program megval\u00f3s\u00edt\u00e1s\u00e1hoz sz\u00fcks\u00e9ges t\u00e1rgyi felt\u00e9telekkel. A t\u00e1rgyi felszerel\u00e9seket, amelyeket a gyermekek haszn\u00e1lnak, sz\u00e1mukra hozz\u00e1f\u00e9rhet\u0151 m\u00f3don \u00e9s a gyermekek biztons\u00e1gos j\u00e1t\u00e9k\u00e1ra val\u00f3 k\u00fcl\u00f6n\u00f6s tekintettel helyezt\u00fck el, haszn\u00e1ljuk.\u00a0Igyeksz\u00fcnk az \u00f3voda helyis\u00e9geit \u00fagy kialak\u00edtani, hogy az a lehet\u0151 legotthonosabb \u00e9rz\u00e9st keltse a gyerekekben. Olvasson tov\u00e1bb \u00e9s ismerkedjen meg t\u00f6bbek k\u00f6z\u00f6tt az \u00e9p\u00fclet legf\u0151bb jegyeivel, [&hellip;]<\/p>\n","protected":false},"author":4,"featured_media":0,"parent":255,"menu_order":4,"comment_status":"closed","ping_status":"closed","template":"","meta":{"_mi_skip_tracking":false,"_exactmetrics_sitenote_active":false,"_exactmetrics_sitenote_note":"","_exactmetrics_sitenote_category":0,"footnotes":""},"_links":{"self":[{"href":"https:\/\/mikoovoda.ro\/index.php\/wp-json\/wp\/v2\/pages\/23"}],"collection":[{"href":"https:\/\/mikoovoda.ro\/index.php\/wp-json\/wp\/v2\/pages"}],"about":[{"href":"https:\/\/mikoovoda.ro\/index.php\/wp-json\/wp\/v2\/types\/page"}],"author":[{"embeddable":true,"href":"https:\/\/mikoovoda.ro\/index.php\/wp-json\/wp\/v2\/users\/4"}],"replies":[{"embeddable":true,"href":"https:\/\/mikoovoda.ro\/index.php\/wp-json\/wp\/v2\/comments?post=23"}],"version-history":[{"count":0,"href":"https:\/\/mikoovoda.ro\/index.php\/wp-json\/wp\/v2\/pages\/23\/revisions"}],"up":[{"embeddable":true,"href":"https:\/\/mikoovoda.ro\/index.php\/wp-json\/wp\/v2\/pages\/255"}],"wp:attachment":[{"href":"https:\/\/mikoovoda.ro\/index.php\/wp-json\/wp\/v2\/media?parent=23"}],"curies":[{"name":"wp","href":"https:\/\/api.w.org\/{rel}","templated":true}]}}