{"id":233,"date":"2015-09-08T09:29:12","date_gmt":"2015-09-08T06:29:12","guid":{"rendered":"http:\/\/mikoovoda.ro\/?page_id=233"},"modified":"2021-03-17T16:51:19","modified_gmt":"2021-03-17T14:51:19","slug":"mediaban-megjelent","status":"publish","type":"page","link":"https:\/\/mikoovoda.ro\/index.php\/hu\/rolunk-2\/mediaban-megjelent\/","title":{"rendered":"M\u00e9di\u00e1ban megjelent"},"content":{"rendered":"<p>Interj\u00fa <a href=\"http:\/\/mikoovoda.ro\/index.php\/hu\/sample-page\/miko-zsuzsanna-ovodaalapito-ovono\/\">Mik\u00f3 Zsuzs\u00e1val<\/a>, a Mik\u00f3 \u00d3voda meg\u00e1lmod\u00f3j\u00e1val. Paprika R\u00e1di\u00f3 95,1 Fm, Kolozsv\u00e1r, 2015. szeptember 4.<\/p>\n<!--[if lt IE 9]><script>document.createElement('audio');<\/script><![endif]-->\n<audio class=\"wp-audio-shortcode\" id=\"audio-233-1\" preload=\"none\" style=\"width: 100%;\" controls=\"controls\"><source type=\"audio\/mpeg\" src=\"http:\/\/mikoovoda.ro\/wp-content\/uploads\/2015\/09\/miko-ovoda-interju.mp3?_=1\" \/><a href=\"http:\/\/mikoovoda.ro\/wp-content\/uploads\/2015\/09\/miko-ovoda-interju.mp3\">http:\/\/mikoovoda.ro\/wp-content\/uploads\/2015\/09\/miko-ovoda-interju.mp3<\/a><\/audio>\n<p><a href=\"http:\/\/www.szabadsag.ro\/szabadsag\/servlet\/szabadsag\/template\/article,PArticleScreen.vm\/id\/117843\">Szabads\u00e1g, 2015. szeptember 4.: Mik\u00f3 \u00d3voda, a k\u00edv\u00e1ncsi cs\u00f6pps\u00e9gek otthona\u00a0<\/a><\/p>\n<p>Erd\u00e9lyi Figyel\u0151, 2015. szeptember 15.:<\/p>\n<p><iframe loading=\"lazy\" title=\"\u00daj magyar \u00f3voda ny\u00edlt Kolozsv\u00e1ron\" width=\"1140\" height=\"855\" src=\"https:\/\/www.youtube.com\/embed\/vqVdvGDDGrw?feature=oembed\" frameborder=\"0\" allow=\"accelerometer; autoplay; clipboard-write; encrypted-media; gyroscope; picture-in-picture\" allowfullscreen><\/iframe><\/p>\n<p>Interj\u00fa <a href=\"http:\/\/mikoovoda.ro\/index.php\/hu\/sample-page\/miko-zsuzsanna-ovodaalapito-ovono\/\">Mik\u00f3 Zsuzsa<\/a> \u00f3vodavezet\u0151vel a <a href=\"http:\/\/mikoovoda.ro\/index.php\/hu\/\">Mik\u00f3 \u00d3voda<\/a> avat\u00f3\u00fcnneps\u00e9g\u00e9n:<\/p>\n<audio class=\"wp-audio-shortcode\" id=\"audio-233-2\" preload=\"none\" style=\"width: 100%;\" controls=\"controls\"><source type=\"audio\/mpeg\" src=\"http:\/\/mikoovoda.ro\/wp-content\/uploads\/2015\/09\/Miko-ovoda-avatasa-14.09.2015.mp3?_=2\" \/><a href=\"http:\/\/mikoovoda.ro\/wp-content\/uploads\/2015\/09\/Miko-ovoda-avatasa-14.09.2015.mp3\">http:\/\/mikoovoda.ro\/wp-content\/uploads\/2015\/09\/Miko-ovoda-avatasa-14.09.2015.mp3<\/a><\/audio>\n<p>Interj\u00fa Mik\u00f3 Zsuzsa \u00f3vodavezet\u0151vel:<\/p>\n<p><a href=\"http:\/\/kolozsvariradio.ro\/2015\/10\/29\/zeneter-lakkcipoben-miko-zsuzsaval-az-innovativ-ovodai-oktatasrol\/\">http:\/\/kolozsvariradio.ro\/2015\/10\/29\/zeneter-lakkcipoben-miko-zsuzsaval-az-innovativ-ovodai-oktatasrol\/<\/a><\/p>\n<p>Dobri Erika csapatunk lelkes tagja, \u00f6nk\u00e9ntes \u00f3v\u00f3n\u0151k\u00e9nt tal\u00e1lkozhatnak vele \u00f3vod\u00e1nkban, de \u00e9desanyak\u00e9nt\u00a0 \u00f3vod\u00e1nk m\u00e1s programjaiban is akt\u00edvan r\u00e9szt vesz. A N\u0151i szesz\u00e9ly december 12.-i ad\u00e1s\u00e1ban l\u00e1thatj\u00e1k, hallhatj\u00e1k:<\/p>\n<p><iframe loading=\"lazy\" title=\"N\u0151i szesz\u00e9ly 2015. december 12. \u2013 Erd\u00e9lyi Magyar Telev\u00edzi\u00f3\" width=\"1140\" height=\"855\" src=\"https:\/\/www.youtube.com\/embed\/A386Mvp_yZI?feature=oembed\" frameborder=\"0\" allow=\"accelerometer; autoplay; clipboard-write; encrypted-media; gyroscope; picture-in-picture\" allowfullscreen><\/iframe><\/p>\n","protected":false},"excerpt":{"rendered":"<p>Interj\u00fa Mik\u00f3 Zsuzs\u00e1val, a Mik\u00f3 \u00d3voda meg\u00e1lmod\u00f3j\u00e1val. Paprika R\u00e1di\u00f3 95,1 Fm, Kolozsv\u00e1r, 2015. szeptember 4. Szabads\u00e1g, 2015. szeptember 4.: Mik\u00f3 \u00d3voda, a k\u00edv\u00e1ncsi cs\u00f6pps\u00e9gek otthona\u00a0 Erd\u00e9lyi Figyel\u0151, 2015. szeptember 15.: Interj\u00fa Mik\u00f3 Zsuzsa \u00f3vodavezet\u0151vel a Mik\u00f3 \u00d3voda avat\u00f3\u00fcnneps\u00e9g\u00e9n: Interj\u00fa Mik\u00f3 Zsuzsa \u00f3vodavezet\u0151vel: http:\/\/kolozsvariradio.ro\/2015\/10\/29\/zeneter-lakkcipoben-miko-zsuzsaval-az-innovativ-ovodai-oktatasrol\/ Dobri Erika csapatunk lelkes tagja, \u00f6nk\u00e9ntes \u00f3v\u00f3n\u0151k\u00e9nt tal\u00e1lkozhatnak vele \u00f3vod\u00e1nkban, de \u00e9desanyak\u00e9nt\u00a0 [&hellip;]<\/p>\n","protected":false},"author":4,"featured_media":0,"parent":255,"menu_order":4,"comment_status":"closed","ping_status":"closed","template":"","meta":{"_mi_skip_tracking":false,"_exactmetrics_sitenote_active":false,"_exactmetrics_sitenote_note":"","_exactmetrics_sitenote_category":0,"footnotes":""},"_links":{"self":[{"href":"https:\/\/mikoovoda.ro\/index.php\/wp-json\/wp\/v2\/pages\/233"}],"collection":[{"href":"https:\/\/mikoovoda.ro\/index.php\/wp-json\/wp\/v2\/pages"}],"about":[{"href":"https:\/\/mikoovoda.ro\/index.php\/wp-json\/wp\/v2\/types\/page"}],"author":[{"embeddable":true,"href":"https:\/\/mikoovoda.ro\/index.php\/wp-json\/wp\/v2\/users\/4"}],"replies":[{"embeddable":true,"href":"https:\/\/mikoovoda.ro\/index.php\/wp-json\/wp\/v2\/comments?post=233"}],"version-history":[{"count":1,"href":"https:\/\/mikoovoda.ro\/index.php\/wp-json\/wp\/v2\/pages\/233\/revisions"}],"predecessor-version":[{"id":2898,"href":"https:\/\/mikoovoda.ro\/index.php\/wp-json\/wp\/v2\/pages\/233\/revisions\/2898"}],"up":[{"embeddable":true,"href":"https:\/\/mikoovoda.ro\/index.php\/wp-json\/wp\/v2\/pages\/255"}],"wp:attachment":[{"href":"https:\/\/mikoovoda.ro\/index.php\/wp-json\/wp\/v2\/media?parent=233"}],"curies":[{"name":"wp","href":"https:\/\/api.w.org\/{rel}","templated":true}]}}