{"id":255,"date":"2015-09-08T23:16:52","date_gmt":"2015-09-08T20:16:52","guid":{"rendered":"http:\/\/mikoovoda.ro\/?page_id=255"},"modified":"2021-03-17T16:49:35","modified_gmt":"2021-03-17T14:49:35","slug":"rolunk-2","status":"publish","type":"page","link":"https:\/\/mikoovoda.ro\/index.php\/hu\/rolunk-2\/","title":{"rendered":"R\u00f3lunk"},"content":{"rendered":"<h3><strong><a href=\"http:\/\/mikoovoda.ro\/index.php\/hu\/rolunk\/\">\u00d3vodai oktat\u00e1s<\/a>:<\/strong><\/h3>\n<p>Tudjon meg t\u00f6bbet munkak\u00f6z\u00f6ss\u00e9g\u00fcnk \u00e1ltal k\u00e9pviselt nevel\u00e9si elvekr\u0151l, az \u00f3vodai oktat\u00e1s legf\u0151bb r\u00e9szleteir\u0151l.<\/p>\n<h3><strong><a href=\"http:\/\/mikoovoda.ro\/index.php\/hu\/rolunk\/kisiskolas-napkozi\/\">Kisiskol\u00e1s Napk\u00f6zi:<\/a><\/strong><\/h3>\n<p>Hi\u00e1nyp\u00f3tl\u00f3 jelleggel ind\u00edtottuk \u00fatj\u00e1ra kisiskol\u00e1soknak sz\u00f3l\u00f3 d\u00e9lut\u00e1ni foglalkoz\u00e1sainkat, mely megold\u00e1st ny\u00fajt arra, hogy a dolgoz\u00f3 sz\u00fcl\u0151k otthonos, biztons\u00e1gos k\u00f6rnyezetben tudj\u00e1k gyermek\u00fcket.<\/p>\n<h3><strong><a href=\"http:\/\/mikoovoda.ro\/index.php\/hu\/rolunk\/felszereltseg\/\">T\u00e1rgyi felt\u00e9telek<\/a>:<\/strong><\/h3>\n<p>Ismerkedjen meg az \u00f3voda \u00e9p\u00fclet\u00e9nek f\u0151bb jegyeivel, az \u00f3voda eszk\u00f6zt\u00e1r\u00e1val, a k\u00f6rnyezettudatos \u00e9letm\u00f3dot \u00e9s eg\u00e9szs\u00e9gmeg\u0151rz\u00e9st c\u00e9lz\u00f3 felt\u00e9telekkel.<\/p>\n<h3><strong><a href=\"http:\/\/mikoovoda.ro\/index.php\/hu\/rolunk\/programjaink\/\">Programjaink<\/a>:<\/strong><\/h3>\n<p>Int\u00e9zm\u00e9ny\u00fcnk az \u00f3vodai oktat\u00e1s mellett sz\u00e1mos m\u00e1s programmal is v\u00e1rja az \u00e9rdekl\u0151d\u0151ket!<\/p>\n<h3><strong><a href=\"http:\/\/mikoovoda.ro\/index.php\/hu\/rolunk\/mediaban-megjelent\/\">M\u00e9dia<\/a>:<\/strong><\/h3>\n<p>N\u00e9zzen, hallgasson minket, olvasson r\u00f3lunk!<\/p>\n","protected":false},"excerpt":{"rendered":"<p>\u00d3vodai oktat\u00e1s: Tudjon meg t\u00f6bbet munkak\u00f6z\u00f6ss\u00e9g\u00fcnk \u00e1ltal k\u00e9pviselt nevel\u00e9si elvekr\u0151l, az \u00f3vodai oktat\u00e1s legf\u0151bb r\u00e9szleteir\u0151l. Kisiskol\u00e1s Napk\u00f6zi: Hi\u00e1nyp\u00f3tl\u00f3 jelleggel ind\u00edtottuk \u00fatj\u00e1ra kisiskol\u00e1soknak sz\u00f3l\u00f3 d\u00e9lut\u00e1ni foglalkoz\u00e1sainkat, mely megold\u00e1st ny\u00fajt arra, hogy a dolgoz\u00f3 sz\u00fcl\u0151k otthonos, biztons\u00e1gos k\u00f6rnyezetben tudj\u00e1k gyermek\u00fcket. T\u00e1rgyi felt\u00e9telek: Ismerkedjen meg az \u00f3voda \u00e9p\u00fclet\u00e9nek f\u0151bb jegyeivel, az \u00f3voda eszk\u00f6zt\u00e1r\u00e1val, a k\u00f6rnyezettudatos \u00e9letm\u00f3dot \u00e9s eg\u00e9szs\u00e9gmeg\u0151rz\u00e9st [&hellip;]<\/p>\n","protected":false},"author":4,"featured_media":0,"parent":0,"menu_order":0,"comment_status":"closed","ping_status":"closed","template":"","meta":{"_mi_skip_tracking":false,"_exactmetrics_sitenote_active":false,"_exactmetrics_sitenote_note":"","_exactmetrics_sitenote_category":0,"footnotes":""},"_links":{"self":[{"href":"https:\/\/mikoovoda.ro\/index.php\/wp-json\/wp\/v2\/pages\/255"}],"collection":[{"href":"https:\/\/mikoovoda.ro\/index.php\/wp-json\/wp\/v2\/pages"}],"about":[{"href":"https:\/\/mikoovoda.ro\/index.php\/wp-json\/wp\/v2\/types\/page"}],"author":[{"embeddable":true,"href":"https:\/\/mikoovoda.ro\/index.php\/wp-json\/wp\/v2\/users\/4"}],"replies":[{"embeddable":true,"href":"https:\/\/mikoovoda.ro\/index.php\/wp-json\/wp\/v2\/comments?post=255"}],"version-history":[{"count":1,"href":"https:\/\/mikoovoda.ro\/index.php\/wp-json\/wp\/v2\/pages\/255\/revisions"}],"predecessor-version":[{"id":2896,"href":"https:\/\/mikoovoda.ro\/index.php\/wp-json\/wp\/v2\/pages\/255\/revisions\/2896"}],"wp:attachment":[{"href":"https:\/\/mikoovoda.ro\/index.php\/wp-json\/wp\/v2\/media?parent=255"}],"curies":[{"name":"wp","href":"https:\/\/api.w.org\/{rel}","templated":true}]}}