{"id":27,"date":"2015-08-25T23:55:44","date_gmt":"2015-08-25T20:55:44","guid":{"rendered":"http:\/\/mikoovoda.ro\/?page_id=27"},"modified":"2021-03-17T16:53:58","modified_gmt":"2021-03-17T14:53:58","slug":"programjaink","status":"publish","type":"page","link":"https:\/\/mikoovoda.ro\/index.php\/hu\/rolunk-2\/programjaink\/","title":{"rendered":"Programjaink"},"content":{"rendered":"<p>\u00d3vod\u00e1nk \u00e1lland\u00f3, id\u0151szakos \u00e9s egyszeri programok v\u00e1ltozatos k\u00edn\u00e1lat\u00e1val v\u00e1rja a gyerekeket \u00e9s feln\u0151tteket egyar\u00e1nt!<\/p>\n<p><strong>\u00d3vodai oktat\u00e1s-<\/strong> A Hossz\u00edtott Program\u00fa <a href=\"http:\/\/mikoovoda.ro\/index.php\/hu\/rolunk\/\">Mik\u00f3 \u00d3voda<\/a> var\u00e1zslatos vil\u00e1ga szeretettel v\u00e1rja a 1,5-6 \u00e9v k\u00f6z\u00f6tti gyerekeket!<\/p>\n<hr \/>\n<p><strong>Kisiskol\u00e1s Napk\u00f6zi<\/strong> &#8211;\u00a0Hisz\u00fcnk abban, hogy a gyermek kiegyens\u00falyozottabban tud teljes\u00edteni, ha a napi felk\u00e9sz\u00edt\u00e9se kiscsoportban, az egy\u00e9ni fejleszt\u00e9s lehet\u0151s\u00e9g\u00e9t megragadva t\u00f6rt\u00e9nik. Nagy hangs\u00falyt ford\u00edtunk a szoci\u00e1lis kompetenci\u00e1k fejleszt\u00e9s\u00e9re is, ugyanakkor a tev\u00e9kenys\u00e9gek \u00f6ssze\u00e1ll\u00edt\u00e1s\u00e1ban alkalmazkodunk a sz\u00fcl\u0151k ig\u00e9nyeihez.<\/p>\n<p>A d\u00e9lut\u00e1ni Kisiskol\u00e1s Napk\u00f6zi hivatalos nyitvatart\u00e1si ideje 12.00 \u2013 18.00, de alkalmazkodunk a sz\u00fcl\u0151k munkarendj\u00e9hez, illetve a gyermek \u00f3rarendj\u00e9hez.<\/p>\n<p>B\u0151vebben:<a href=\"http:\/\/mikoovoda.ro\/index.php\/hu\/rolunk\/kisiskolas-napkozi\/\"> http:\/\/mikoovoda.ro\/index.php\/hu\/rolunk\/kisiskolas-napkozi\/<\/a><\/p>\n<hr \/>\n<p><strong>Ny\u00e1ri t\u00e1borok<\/strong> &#8211;\u00a0Lend\u00fcletes csapatunk \u00e9lm\u00e9nyd\u00fas t\u00e1borokat szervez \u00f3vod\u00e1s, kisiskol\u00e1s \u00e9s \u00e1ltal\u00e1nos iskol\u00e1s kor\u00fa gyerekek r\u00e9sz\u00e9re.<\/p>\n<hr \/>\n<p><strong>Gyermekhotel<\/strong> &#8211; \u00c1lland\u00f3 gyerekeink r\u00e9sz\u00e9re \u201egyermekhotel\u201d szolg\u00e1ltat\u00e1st is ny\u00fajtunk, amely lehet\u0151s\u00e9get biztos\u00edt arra, hogy a gyermekeket \u00e9jszaka is fel\u00fcgyelet\u00fcnkre b\u00edzz\u00e1k, vagy ak\u00e1r egy h\u00e9tv\u00e9g\u00e9t t\u00f6ltsenek n\u00e1lunk.<\/p>\n<hr \/>\n<p><strong>Sz\u00fclinapi zs\u00farok<\/strong> &#8211;\u00a0Gyakorlott szabadid\u0151szervez\u0151k gondoskodnak a gyermekek felh\u0151tlen sz\u00f3rakoz\u00e1s\u00e1r\u00f3l bent \u00e9s a szabadban.<\/p>\n<hr \/>\n<p><strong>V\u00e1llalati, csal\u00e1di- \u00e9s gyerekprogramok<\/strong> &#8211; Csal\u00e1dcentrikus v\u00e1llalatoknak aj\u00e1nljuk egy\u00e9nre szabott csomagjainkat c\u00e9ges \u00f6sszej\u00f6vetelek, bulik, csal\u00e1di napok alkalm\u00e1val. A gyerekeket k\u00e9zm\u0171ves foglalkoz\u00e1sok, interakt\u00edv t\u00e1rsasj\u00e1t\u00e9k, \u00fcgyess\u00e9gi j\u00e1t\u00e9kok, komplex csal\u00e1di j\u00e1t\u00e9kok \u00e9s m\u00e9g sok m\u00e1s \u00e9rdekess\u00e9g v\u00e1rja.<\/p>\n<hr \/>\n<p><strong>Kerek\u00edt\u0151 baba-mama foglalkoz\u00e1s &#8211;<\/strong> Csat\u00e1ri Erika foglalkoz\u00e1svezet\u0151 v\u00e1rja a 0-3 \u00e9ves gyerekeket \u00e9s sz\u00fcleiket egy j\u00e1t\u00e9kos mond\u00f3k\u00e1z\u00e1sra minden h\u00e9tf\u0151n.<\/p>\n<hr \/>\n<p><strong>Sz\u00fcl\u0151knek<\/strong> &#8211;\u00a0Lehet\u0151s\u00e9get biztos\u00edtunk a sz\u00fcl\u0151knek is a gyermekek programjaiba bekapcsol\u00f3dni valamint szervez\u00fcnk kimondottan sz\u00fcl\u0151knek sz\u00f3l\u00f3 programokat\u00a0 gyermeknevel\u00e9ssel, kreativit\u00e1ssal, \u00e9lm\u00e9nypedag\u00f3gi\u00e1val valamint a pozit\u00edv nevel\u00e9ssel kapcsolatosan.\u00a0Ennek \u00e9rdek\u00e9ben folyamatosan figyelj\u00e9k honlapunkat.<\/p>\n<hr \/>\n<p><strong>Teremb\u00e9rl\u00e9s<\/strong> &#8211; Szervezze meg n\u00e1lunk gyerekeknek vagy feln\u0151tteknek sz\u00f3l\u00f3 programj\u00e1t 12-15 f\u0151ig (workshopok, szemin\u00e1riumok, \u00f6nismereti csoportok, stb.).<\/p>\n","protected":false},"excerpt":{"rendered":"<p>\u00d3vod\u00e1nk \u00e1lland\u00f3, id\u0151szakos \u00e9s egyszeri programok v\u00e1ltozatos k\u00edn\u00e1lat\u00e1val v\u00e1rja a gyerekeket \u00e9s feln\u0151tteket egyar\u00e1nt! \u00d3vodai oktat\u00e1s- A Hossz\u00edtott Program\u00fa Mik\u00f3 \u00d3voda var\u00e1zslatos vil\u00e1ga szeretettel v\u00e1rja a 1,5-6 \u00e9v k\u00f6z\u00f6tti gyerekeket! Kisiskol\u00e1s Napk\u00f6zi &#8211;\u00a0Hisz\u00fcnk abban, hogy a gyermek kiegyens\u00falyozottabban tud teljes\u00edteni, ha a napi felk\u00e9sz\u00edt\u00e9se kiscsoportban, az egy\u00e9ni fejleszt\u00e9s lehet\u0151s\u00e9g\u00e9t megragadva t\u00f6rt\u00e9nik. Nagy hangs\u00falyt ford\u00edtunk a [&hellip;]<\/p>\n","protected":false},"author":4,"featured_media":0,"parent":255,"menu_order":3,"comment_status":"closed","ping_status":"closed","template":"","meta":{"_mi_skip_tracking":false,"_exactmetrics_sitenote_active":false,"_exactmetrics_sitenote_note":"","_exactmetrics_sitenote_category":0,"footnotes":""},"_links":{"self":[{"href":"https:\/\/mikoovoda.ro\/index.php\/wp-json\/wp\/v2\/pages\/27"}],"collection":[{"href":"https:\/\/mikoovoda.ro\/index.php\/wp-json\/wp\/v2\/pages"}],"about":[{"href":"https:\/\/mikoovoda.ro\/index.php\/wp-json\/wp\/v2\/types\/page"}],"author":[{"embeddable":true,"href":"https:\/\/mikoovoda.ro\/index.php\/wp-json\/wp\/v2\/users\/4"}],"replies":[{"embeddable":true,"href":"https:\/\/mikoovoda.ro\/index.php\/wp-json\/wp\/v2\/comments?post=27"}],"version-history":[{"count":4,"href":"https:\/\/mikoovoda.ro\/index.php\/wp-json\/wp\/v2\/pages\/27\/revisions"}],"predecessor-version":[{"id":2903,"href":"https:\/\/mikoovoda.ro\/index.php\/wp-json\/wp\/v2\/pages\/27\/revisions\/2903"}],"up":[{"embeddable":true,"href":"https:\/\/mikoovoda.ro\/index.php\/wp-json\/wp\/v2\/pages\/255"}],"wp:attachment":[{"href":"https:\/\/mikoovoda.ro\/index.php\/wp-json\/wp\/v2\/media?parent=27"}],"curies":[{"name":"wp","href":"https:\/\/api.w.org\/{rel}","templated":true}]}}