{"id":29,"date":"2015-08-27T15:09:53","date_gmt":"2015-08-27T12:09:53","guid":{"rendered":"http:\/\/mikoovoda.ro\/?page_id=29"},"modified":"2023-02-10T13:41:14","modified_gmt":"2023-02-10T11:41:14","slug":"partnereink","status":"publish","type":"page","link":"https:\/\/mikoovoda.ro\/index.php\/hu\/partnereink\/","title":{"rendered":"Partnereink"},"content":{"rendered":"\n<figure class=\"wp-block-gallery columns-1 is-cropped wp-block-gallery-1 is-layout-flex wp-block-gallery-is-layout-flex\"><ul class=\"blocks-gallery-grid\"><li class=\"blocks-gallery-item\"><figure><a href=\"http:\/\/mikoovoda.ro\/wp-content\/uploads\/2023\/02\/bga.jpg\"><img decoding=\"async\" loading=\"lazy\" width=\"1024\" height=\"910\" src=\"http:\/\/mikoovoda.ro\/wp-content\/uploads\/2023\/02\/bga-1024x910.jpg\" alt=\"\" data-id=\"3854\" data-full-url=\"http:\/\/mikoovoda.ro\/wp-content\/uploads\/2023\/02\/bga.jpg\" data-link=\"http:\/\/mikoovoda.ro\/index.php\/hu\/partnereink\/keszult\/\" class=\"wp-image-3854\" srcset=\"https:\/\/mikoovoda.ro\/wp-content\/uploads\/2023\/02\/bga-1024x910.jpg 1024w, https:\/\/mikoovoda.ro\/wp-content\/uploads\/2023\/02\/bga-300x267.jpg 300w, https:\/\/mikoovoda.ro\/wp-content\/uploads\/2023\/02\/bga-768x682.jpg 768w, https:\/\/mikoovoda.ro\/wp-content\/uploads\/2023\/02\/bga.jpg 1500w\" sizes=\"(max-width: 1024px) 100vw, 1024px\" \/><\/a><\/figure><\/li><\/ul><\/figure>\n\n\n\n<figure class=\"wp-block-image size-full\"><a href=\"http:\/\/mikoovoda.ro\/wp-content\/uploads\/2023\/02\/bga_alap_logo.png\"><img decoding=\"async\" loading=\"lazy\" width=\"618\" height=\"606\" src=\"http:\/\/mikoovoda.ro\/wp-content\/uploads\/2023\/02\/bga_alap_logo.png\" alt=\"bga Miko\" class=\"wp-image-3855\" srcset=\"https:\/\/mikoovoda.ro\/wp-content\/uploads\/2023\/02\/bga_alap_logo.png 618w, https:\/\/mikoovoda.ro\/wp-content\/uploads\/2023\/02\/bga_alap_logo-300x294.png 300w\" sizes=\"(max-width: 618px) 100vw, 618px\" \/><\/a><\/figure>\n\n\n<div class=\"partners\" style=\"padding-left: 30px;\">\n<p style=\"text-align: left;\">\u00a0<\/p>\n<hr \/>\n<p style=\"text-align: left;\"><a href=\"http:\/\/www.naturfloor.ro\"><img decoding=\"async\" loading=\"lazy\" class=\"size-full wp-image-105 alignleft\" src=\"http:\/\/mikoovoda.ro\/wp-content\/uploads\/2015\/08\/logo_nou.png\" alt=\"logo_nou\" width=\"222\" height=\"40\" \/><\/a><\/p>\n<p style=\"text-align: left; font-size: 120%;\"><em>&#8220;A Naturfloor egy csal\u00e1di v\u00e1llalkoz\u00e1s, mely 10 \u00e9ves tapasztalattal rendelkezik. A <a href=\"http:\/\/naturflor.hu\/\">magyarorsz\u00e1gi partner\u00fck<\/a>\u00a0seg\u00edts\u00e9g\u00e9vel egy \u00e9vtizede dolgoznak azon, hogy a kolozsv\u00e1riak k\u00f6rnyezet\u00e9t is eg\u00e9szs\u00e9gesebb\u00e9 var\u00e1zsolj\u00e1k term\u00e9szetes alapanyag\u00fa sz\u0151nyegeikkel.&#8221;<\/em><\/p>\n<hr \/>\n<p style=\"text-align: left; font-size: 120%;\"><a href=\"http:\/\/www.petry.ro\"><img decoding=\"async\" loading=\"lazy\" class=\"wp-image-106 alignleft\" src=\"http:\/\/mikoovoda.ro\/wp-content\/uploads\/2015\/08\/PETRY-LOGO-300x179.jpg\" alt=\"PETRY LOGO\" width=\"215\" height=\"128\" srcset=\"https:\/\/mikoovoda.ro\/wp-content\/uploads\/2015\/08\/PETRY-LOGO-300x179.jpg 300w, https:\/\/mikoovoda.ro\/wp-content\/uploads\/2015\/08\/PETRY-LOGO-1024x610.jpg 1024w, https:\/\/mikoovoda.ro\/wp-content\/uploads\/2015\/08\/PETRY-LOGO.jpg 1724w\" sizes=\"(max-width: 215px) 100vw, 215px\" \/><\/a><\/p>\n<p style=\"text-align: left; font-size: 120%;\"><em>&#8220;A korral val\u00f3 halad\u00e1s, a folyamatos kutat\u00e1s \u00e9s tanul\u00e1s elengedhetetlenek a sikerhez. Odafigyel\u00fcnk arra, hogy mindig a legjobb, hazai gazd\u00e1kt\u00f3l sz\u00e1rmaz\u00f3 \u00e1llatok h\u00fas\u00e1val dolgozzunk \u00e9s a legjobb f\u0171szereket haszn\u00e1ljuk term\u00e9keinkhez. Ezzel is igyeksz\u00fcnk odafigyelni az eg\u00e9szs\u00e9ges t\u00e1pl\u00e1lkoz\u00e1sra \u00e9s arra, hogy az \u00d6n\u00f6k \u00e9s csal\u00e1dunk asztal\u00e1ra a lehet\u0151 legeg\u00e9szs\u00e9gesebb term\u00e9keket tudjuk elk\u00e9sz\u00edteni. K\u00f6sz\u00f6nj\u00fck kedves v\u00e1s\u00e1rl\u00f3inknak bizalm\u00e1t. Ezent\u00fal is t\u00f6rekedve arra, hogy a legjobbat ny\u00fajtsuk \u00d6n\u00f6knek.&#8221;<\/em><\/p>\n<hr \/>\n<p><img decoding=\"async\" loading=\"lazy\" class=\"wp-image-1616 size-full alignleft\" src=\"http:\/\/backup.mikoovoda.ro\/wp-content\/uploads\/2015\/08\/kreativity_logo-e1493195473812.png\" alt=\"\" width=\"148\" height=\"123\" \/><\/p>\n<p style=\"text-align: left; font-size: 120%;\"><em>&#8220;Term\u00e9keink kiv\u00e1logat\u00e1s\u00e1ban els\u0151 sorban a fejleszt\u0151 hat\u00e1st, k\u00f6nny\u0171 t\u00e1rol\u00e1st \u00e9s tart\u00f3ss\u00e1got vett\u00fck figyelembe. Term\u00e9keink fejleszt\u00e9s\u00e9nek h\u00e1tter\u00e9ben \u00f3ri\u00e1si tud\u00e1sanyag \u00e9s szak\u00e9rt\u0151 csapat \u00e1ll, Hollandi\u00e1b\u00f3l, D\u00e1ni\u00e1b\u00f3l \u00e9s Franciaorsz\u00e1gb\u00f3l. C\u00e9lunk \u00faj \u00f6tletek bemutat\u00e1sa pedag\u00f3gusok, gy\u00f3gypedag\u00f3gusok, pszichol\u00f3gusok, logop\u00e9dusok, gy\u00f3gytorn\u00e1szok \u00e9s m\u00e1s, gyerekekkel foglalkoz\u00f3 szakemberek sz\u00e1m\u00e1ra.&#8221;<\/em><\/p>\n<hr \/>\n<p style=\"text-align: left;\"><img decoding=\"async\" loading=\"lazy\" class=\"wp-image-1519 size-full alignleft\" src=\"http:\/\/backup.mikoovoda.ro\/wp-content\/uploads\/2015\/08\/wt-e1493123638395.jpg\" alt=\"\" width=\"250\" height=\"124\" \/><\/p>\n<p style=\"text-align: left; font-size: 120%;\"><em>&#8220;A Woodentoys t\u00f6rt\u00e9nete 2007-ben kezd\u0151d\u00f6tt, amikor a csal\u00e1d els\u0151sz\u00fcl\u00f6ttje 3 \u00e9ves lett \u00e9s elkezdt\u00fcnk keresg\u00e9lni a kor\u00e1nak megfelel\u0151, \u00e9rdekesebb j\u00e1t\u00e9kok ut\u00e1n. Nagy csal\u00f3d\u00e1sunkra a j\u00e1t\u00e9kok legnagyobb r\u00e9sze m\u0171anyagb\u00f3l k\u00e9sz\u00fclt, gyenge min\u0151s\u00e9g\u0171 volt \u00e9s k\u00e1ros az eg\u00e9szs\u00e9gre. Mivel szeretj\u00fck a f\u00e1t, mint anyagot, elkezdt\u00fcnk kutatni f\u00e1b\u00f3l k\u00e9sz\u00edtett j\u00e1t\u00e9kokat, melyek az orsz\u00e1gban, kis termel\u0151k keze \u00e1ltal sz\u00fcletnek meg.&#8221;<\/em><\/p>\n<hr \/>\n<p style=\"text-align: left;\"><img decoding=\"async\" loading=\"lazy\" class=\"alignleft wp-image-1520 size-medium\" src=\"http:\/\/backup.mikoovoda.ro\/wp-content\/uploads\/2015\/08\/csaklogoatlatszo-e1493126375429-300x81.png\" alt=\"\" width=\"300\" height=\"81\" \/><\/p>\n<p style=\"text-align: left; font-size: 120%;\"><em>&#8220;A kiad\u00f3t a kilencvenes \u00e9vek elej\u00e9n alap\u00edtotta egy teol\u00f3gusokb\u00f3l, irodalm\u00e1rokb\u00f3l \u00e9s m\u0171szaki v\u00e9gzetts\u00e9g\u0171ekb\u0151l \u00e1ll\u00f3 csoport. A kiad\u00f3t a Koin\u00f3nia Multim\u00e9dia nev\u0171 int\u00e9zm\u00e9ny r\u00e9szek\u00e9nt k\u00e9pzelt\u00e9k el.<\/em><\/p>\n<hr \/><\/div>","protected":false},"excerpt":{"rendered":"<p>\u00a0 &#8220;A Naturfloor egy csal\u00e1di v\u00e1llalkoz\u00e1s, mely 10 \u00e9ves tapasztalattal rendelkezik. A magyarorsz\u00e1gi partner\u00fck\u00a0seg\u00edts\u00e9g\u00e9vel egy \u00e9vtizede dolgoznak azon, hogy a kolozsv\u00e1riak k\u00f6rnyezet\u00e9t is eg\u00e9szs\u00e9gesebb\u00e9 var\u00e1zsolj\u00e1k term\u00e9szetes alapanyag\u00fa sz\u0151nyegeikkel.&#8221; &#8220;A korral val\u00f3 halad\u00e1s, a folyamatos kutat\u00e1s \u00e9s tanul\u00e1s elengedhetetlenek a sikerhez. Odafigyel\u00fcnk arra, hogy mindig a legjobb, hazai gazd\u00e1kt\u00f3l sz\u00e1rmaz\u00f3 \u00e1llatok h\u00fas\u00e1val dolgozzunk \u00e9s a legjobb [&hellip;]<\/p>\n","protected":false},"author":4,"featured_media":0,"parent":0,"menu_order":6,"comment_status":"closed","ping_status":"closed","template":"","meta":{"_mi_skip_tracking":false,"_exactmetrics_sitenote_active":false,"_exactmetrics_sitenote_note":"","_exactmetrics_sitenote_category":0,"footnotes":""},"_links":{"self":[{"href":"https:\/\/mikoovoda.ro\/index.php\/wp-json\/wp\/v2\/pages\/29"}],"collection":[{"href":"https:\/\/mikoovoda.ro\/index.php\/wp-json\/wp\/v2\/pages"}],"about":[{"href":"https:\/\/mikoovoda.ro\/index.php\/wp-json\/wp\/v2\/types\/page"}],"author":[{"embeddable":true,"href":"https:\/\/mikoovoda.ro\/index.php\/wp-json\/wp\/v2\/users\/4"}],"replies":[{"embeddable":true,"href":"https:\/\/mikoovoda.ro\/index.php\/wp-json\/wp\/v2\/comments?post=29"}],"version-history":[{"count":3,"href":"https:\/\/mikoovoda.ro\/index.php\/wp-json\/wp\/v2\/pages\/29\/revisions"}],"predecessor-version":[{"id":3856,"href":"https:\/\/mikoovoda.ro\/index.php\/wp-json\/wp\/v2\/pages\/29\/revisions\/3856"}],"wp:attachment":[{"href":"https:\/\/mikoovoda.ro\/index.php\/wp-json\/wp\/v2\/media?parent=29"}],"curies":[{"name":"wp","href":"https:\/\/api.w.org\/{rel}","templated":true}]}}