{"id":415,"date":"2015-09-22T18:24:17","date_gmt":"2015-09-22T15:24:17","guid":{"rendered":"http:\/\/mikoovoda.ro\/?page_id=415"},"modified":"2021-10-08T18:37:08","modified_gmt":"2021-10-08T15:37:08","slug":"kisiskolas-napkozi","status":"publish","type":"page","link":"https:\/\/mikoovoda.ro\/index.php\/hu\/rolunk-2\/kisiskolas-napkozi\/","title":{"rendered":"Kisiskol\u00e1s Napk\u00f6zi"},"content":{"rendered":"<p><span style=\"font-weight: 400;\">Kezdem\u00e9nyez\u00e9s\u00fcnk hi\u00e1nyp\u00f3tl\u00f3 c\u00e9llal indul \u00fatj\u00e1ra kincses v\u00e1rosunkban. Egy olyan program veszi kezdet\u00e9t, mely lehet\u0151s\u00e9get ny\u00fajt a kisiskol\u00e1soknak, hogy term\u00e9szetk\u00f6zelben, szakk\u00e9pzett pedag\u00f3gusok ir\u00e1ny\u00edt\u00e1s\u00e1val t\u00f6lts\u00e9k hasznosan d\u00e9lel\u0151ttjeiket, d\u00e9lut\u00e1njaikat. Hisz\u00fcnk abban, hogy a gyermek kiegyens\u00falyozottabban tud teljes\u00edteni, ha a napi felk\u00e9sz\u00edt\u00e9se kiscsoportban, az egy\u00e9ni fejleszt\u00e9s lehet\u0151s\u00e9g\u00e9t megragadva t\u00f6rt\u00e9nik. Nagy hangs\u00falyt ford\u00edtunk a szoci\u00e1lis kompetenci\u00e1k fejleszt\u00e9s\u00e9re is,a tev\u00e9kenys\u00e9gek \u00f6ssze\u00e1ll\u00edt\u00e1s\u00e1ban igyeksz\u00fcnk alkalmazkodni a sz\u00fcl\u0151k ig\u00e9nyeihez is. A program kialak\u00edt\u00e1s\u00e1n\u00e1l\u00a0 a tanul\u00e1si folyamat \u00e9s a pihen\u00e9s, j\u00e1t\u00e9k, illetve szabadt\u00e9ri tev\u00e9kenys\u00e9gek k\u00f6z\u00f6tti egyens\u00faly megteremt\u00e9s\u00e9t tartjuk szem el\u0151tt, az \u00e9letkori saj\u00e1toss\u00e1goknak megfelel\u0151en.<\/span><\/p>\n<p><span style=\"font-weight: 400;\">Mik\u00f3 \u201eKisiskol\u00e1s Napk\u00f6zi\u201d programmal v\u00e1rja a 6-11 \u00e9ves kor\u00fa gyerekeket az Avram Iancu, volt Pet\u0151fi utca 27. sz\u00e1m alatt, a bels\u0151udvarban.<\/span><\/p>\n<p><span style=\"font-weight: 400;\">Amit aj\u00e1nlunk:<\/span><\/p>\n<ul>\n<li style=\"font-weight: 400;\" aria-level=\"1\"><span style=\"font-weight: 400;\">Otthonos, csal\u00e1dias k\u00f6rnyezet z\u00f6ld udvarral;<\/span><\/li>\n<li style=\"font-weight: 400;\" aria-level=\"1\"><span style=\"font-weight: 400;\">Seg\u00edts\u00e9g a <\/span><b>h\u00e1zi feladat<\/b><span style=\"font-weight: 400;\"> elk\u00e9sz\u00edt\u00e9s\u00e9ben;<\/span><\/li>\n<li style=\"font-weight: 400;\" aria-level=\"1\"><b>Sz\u00f3beli feladatok kik\u00e9rdez\u00e9se<\/b><span style=\"font-weight: 400;\">;<\/span><\/li>\n<li style=\"font-weight: 400;\" aria-level=\"1\"><span style=\"font-weight: 400;\">Tanul\u00e1si neh\u00e9zs\u00e9gek kezel\u00e9se;<\/span><\/li>\n<li style=\"font-weight: 400;\" aria-level=\"1\"><span style=\"font-weight: 400;\">V\u00e1laszthat\u00f3 <\/span><b>plusz tev\u00e9kenys\u00e9gek<\/b><span style=\"font-weight: 400;\">: gy\u00f3gytorna, nyelvoktat\u00e1s (rom\u00e1n, angol) egy\u00e9nileg vagy kiscsoportban logop\u00e9diai fejleszt\u00e9s, stb.;<\/span><\/li>\n<li style=\"font-weight: 400;\" aria-level=\"1\"><span style=\"font-weight: 400;\">Az \u00e9rzelmi intelligenci\u00e1t \u00e9s szoci\u00e1lis kompetenci\u00e1kat fejleszt\u0151 <\/span><b>\u00e9lm\u00e9nypedag\u00f3giai<\/b><span style=\"font-weight: 400;\"> tev\u00e9kenys\u00e9gek, j\u00e1t\u00e9kok;<\/span><\/li>\n<li style=\"font-weight: 400;\" aria-level=\"1\"><b>S\u00f3szoba<\/b><span style=\"font-weight: 400;\"> haszn\u00e1lata ig;ny szerint (els\u00e9t\u00e1lunk: Aviator Badescu 35 sz\u00e1m)<\/span><\/li>\n<li style=\"font-weight: 400;\" aria-level=\"1\"><span style=\"font-weight: 400;\">Lehet\u0151s\u00e9get biztos\u00edtunk <\/span><b>d\u00e9lut\u00e1ni pihen\u00e9sre;<\/b><\/li>\n<li style=\"font-weight: 400;\" aria-level=\"1\"><span style=\"font-weight: 400;\">Eb\u00e9d \u00e9s uzsonna ig\u00e9ny szerint rendelhet\u0151;<\/span><\/li>\n<li style=\"font-weight: 400;\" aria-level=\"1\"><span style=\"font-weight: 400;\">A szolg\u00e1ltat\u00e1s minden nap, vagy minimum 3 alkalomra is ig\u00e9nybe vehet\u0151;<\/span><\/li>\n<\/ul>\n<p><span style=\"font-weight: 400;\">A d\u00e9lut\u00e1ni Kisiskol\u00e1s Napk\u00f6zi hivatalos nyitvatart\u00e1si ideje 08.00 \u2013 18.00, de alkalmazkodunk a sz\u00fcl\u0151k munkarendj\u00e9hez, illetve a gyermek \u00f3rarendj\u00e9hez.<\/span><\/p>\n<p><span style=\"font-weight: 400;\">A program havi d\u00edja(2021-2022-es tan\u00e9v):<\/span><\/p>\n<p><span style=\"font-weight: 400;\">08:00-12:30-ig &#8211; 700 RON<\/span><\/p>\n<p><span style=\"font-weight: 400;\">12:00-18:00-ig &#8211; 800 RON<\/span><\/p>\n<p><span style=\"font-weight: 400;\">16:00-18:00-ig &#8211; 400 RON<\/span><\/p>\n<p><span style=\"font-weight: 400;\">El\u00e9rhet\u0151s\u00e9g:<\/span><\/p>\n<p><span style=\"font-weight: 400;\">Telefon: 0745 372 676<\/span><\/p>\n<p><span style=\"font-weight: 400;\">e-mail: info@mikoovoda.ro<\/span><\/p>\n<p><a href=\"http:\/\/mikoovoda.ro\/wp-content\/uploads\/2015\/09\/Miko-ovoda-fb_cover-01q-1.jpg\"><img decoding=\"async\" loading=\"lazy\" class=\"aligncenter size-large wp-image-643\" src=\"http:\/\/mikoovoda.ro\/wp-content\/uploads\/2015\/09\/Miko-ovoda-fb_cover-01q-1-1024x379.jpg\" alt=\"Miko ovoda fb_cover 01q\" width=\"1024\" height=\"379\" srcset=\"https:\/\/mikoovoda.ro\/wp-content\/uploads\/2015\/09\/Miko-ovoda-fb_cover-01q-1-1024x379.jpg 1024w, https:\/\/mikoovoda.ro\/wp-content\/uploads\/2015\/09\/Miko-ovoda-fb_cover-01q-1-300x111.jpg 300w\" sizes=\"(max-width: 1024px) 100vw, 1024px\" \/><\/a><\/p>\n","protected":false},"excerpt":{"rendered":"<p>Kezdem\u00e9nyez\u00e9s\u00fcnk hi\u00e1nyp\u00f3tl\u00f3 c\u00e9llal indul \u00fatj\u00e1ra kincses v\u00e1rosunkban. Egy olyan program veszi kezdet\u00e9t, mely lehet\u0151s\u00e9get ny\u00fajt a kisiskol\u00e1soknak, hogy term\u00e9szetk\u00f6zelben, szakk\u00e9pzett pedag\u00f3gusok ir\u00e1ny\u00edt\u00e1s\u00e1val t\u00f6lts\u00e9k hasznosan d\u00e9lel\u0151ttjeiket, d\u00e9lut\u00e1njaikat. Hisz\u00fcnk abban, hogy a gyermek kiegyens\u00falyozottabban tud teljes\u00edteni, ha a napi felk\u00e9sz\u00edt\u00e9se kiscsoportban, az egy\u00e9ni fejleszt\u00e9s lehet\u0151s\u00e9g\u00e9t megragadva t\u00f6rt\u00e9nik. Nagy hangs\u00falyt ford\u00edtunk a szoci\u00e1lis kompetenci\u00e1k fejleszt\u00e9s\u00e9re is,a tev\u00e9kenys\u00e9gek \u00f6ssze\u00e1ll\u00edt\u00e1s\u00e1ban [&hellip;]<\/p>\n","protected":false},"author":4,"featured_media":0,"parent":255,"menu_order":2,"comment_status":"closed","ping_status":"closed","template":"","meta":{"_mi_skip_tracking":false,"_exactmetrics_sitenote_active":false,"_exactmetrics_sitenote_note":"","_exactmetrics_sitenote_category":0,"footnotes":""},"_links":{"self":[{"href":"https:\/\/mikoovoda.ro\/index.php\/wp-json\/wp\/v2\/pages\/415"}],"collection":[{"href":"https:\/\/mikoovoda.ro\/index.php\/wp-json\/wp\/v2\/pages"}],"about":[{"href":"https:\/\/mikoovoda.ro\/index.php\/wp-json\/wp\/v2\/types\/page"}],"author":[{"embeddable":true,"href":"https:\/\/mikoovoda.ro\/index.php\/wp-json\/wp\/v2\/users\/4"}],"replies":[{"embeddable":true,"href":"https:\/\/mikoovoda.ro\/index.php\/wp-json\/wp\/v2\/comments?post=415"}],"version-history":[{"count":2,"href":"https:\/\/mikoovoda.ro\/index.php\/wp-json\/wp\/v2\/pages\/415\/revisions"}],"predecessor-version":[{"id":3165,"href":"https:\/\/mikoovoda.ro\/index.php\/wp-json\/wp\/v2\/pages\/415\/revisions\/3165"}],"up":[{"embeddable":true,"href":"https:\/\/mikoovoda.ro\/index.php\/wp-json\/wp\/v2\/pages\/255"}],"wp:attachment":[{"href":"https:\/\/mikoovoda.ro\/index.php\/wp-json\/wp\/v2\/media?parent=415"}],"curies":[{"name":"wp","href":"https:\/\/api.w.org\/{rel}","templated":true}]}}